{"id":2,"date":"2022-01-25T17:10:38","date_gmt":"2022-01-25T16:10:38","guid":{"rendered":"http:\/\/oekoumene.eu\/?page_id=2"},"modified":"2025-10-28T21:15:08","modified_gmt":"2025-10-28T20:15:08","slug":"page-d-exemple","status":"publish","type":"page","link":"https:\/\/oekoumene.eu\/","title":{"rendered":"\u0152koum\u00e8ne \u2013 Charpente bois \u2013 Habitats sylvestres \/ Presqu&rsquo;\u00eele gu\u00e9randaise"},"content":{"rendered":"\n<div class=\"wp-block-columns is-layout-flex wp-container-core-columns-is-layout-9d6595d7 wp-block-columns-is-layout-flex\">\n<div class=\"wp-block-column is-layout-flow wp-block-column-is-layout-flow\" style=\"flex-basis:100%\">\n<div class=\"wp-block-group\"><div class=\"wp-block-group__inner-container is-layout-constrained wp-block-group-is-layout-constrained\">\n<figure class=\"wp-block-image size-large\"><img loading=\"lazy\" decoding=\"async\" width=\"1024\" height=\"840\" src=\"http:\/\/oekoumene.eu\/wp-content\/uploads\/2024\/01\/OEk_CL-Logo24-V01_LrgBlk-1024x840.png\" alt=\"\" class=\"wp-image-46\" srcset=\"https:\/\/oekoumene.eu\/wp-content\/uploads\/2024\/01\/OEk_CL-Logo24-V01_LrgBlk-1024x840.png 1024w, https:\/\/oekoumene.eu\/wp-content\/uploads\/2024\/01\/OEk_CL-Logo24-V01_LrgBlk-300x246.png 300w, https:\/\/oekoumene.eu\/wp-content\/uploads\/2024\/01\/OEk_CL-Logo24-V01_LrgBlk-768x630.png 768w, https:\/\/oekoumene.eu\/wp-content\/uploads\/2024\/01\/OEk_CL-Logo24-V01_LrgBlk-1536x1260.png 1536w, https:\/\/oekoumene.eu\/wp-content\/uploads\/2024\/01\/OEk_CL-Logo24-V01_LrgBlk-2048x1680.png 2048w\" sizes=\"auto, (max-width: 706px) 89vw, (max-width: 767px) 82vw, 740px\" \/><\/figure>\n\n\n\n<blockquote class=\"wp-block-quote is-layout-flow wp-block-quote-is-layout-flow\">\n<p>La vraie g\u00e9n\u00e9rosit\u00e9 envers l&rsquo;avenir consiste \u00e0 tout donner au pr\u00e9sent.<\/p>\n<cite>Albert Camus<\/cite><\/blockquote>\n<\/div><\/div>\n<\/div>\n<\/div>\n\n\n\n<p>Bienvenue !<\/p>\n\n\n\n<p><strong>\u0152k<\/strong>oum\u00e8ne est une entreprise artisanale dont la vocation initiale est de construire des <strong>habitats perch\u00e9s dans les arbres<\/strong>. Ca c&rsquo;est pour le c\u00f4t\u00e9 r\u00eave d&rsquo;enfant&#8230;<\/p>\n\n\n\n<p>En attendant, nous r\u00e9alisons avec s\u00e9rieux &amp; implication des <strong>travaux de charpente<\/strong> &amp; de <strong>menuiserie ext\u00e9rieure<\/strong> : charpente, ossature bois, abris, terrasses ext\u00e9rieures, travaux divers de menuiserie ext\u00e9rieure.<\/p>\n\n\n\n<p>Nous intervenons aussi dans le domaine des <strong>p\u00eacheries <\/strong>: (re)construction, r\u00e9parations, entretien p\u00e9riodique.<\/p>\n","protected":false},"excerpt":{"rendered":"<p>La vraie g\u00e9n\u00e9rosit\u00e9 envers l&rsquo;avenir consiste \u00e0 tout donner au pr\u00e9sent. Bienvenue ! \u0152koum\u00e8ne est une entreprise artisanale dont la vocation initiale est de construire des habitats perch\u00e9s dans les arbres. Ca c&rsquo;est pour le c\u00f4t\u00e9 r\u00eave d&rsquo;enfant&#8230; En attendant, nous r\u00e9alisons avec s\u00e9rieux &amp; implication des travaux de charpente &amp; de menuiserie ext\u00e9rieure : &hellip; <\/p>\n<p class=\"link-more\"><a href=\"https:\/\/oekoumene.eu\/\" class=\"more-link\">Continuer la lecture<span class=\"screen-reader-text\"> de &laquo;&nbsp;\u0152koum\u00e8ne \u2013 Charpente bois \u2013 Habitats sylvestres \/ Presqu&rsquo;\u00eele gu\u00e9randaise&nbsp;&raquo;<\/span><\/a><\/p>\n","protected":false},"author":1,"featured_media":0,"parent":0,"menu_order":0,"comment_status":"closed","ping_status":"open","template":"","meta":{"footnotes":""},"class_list":["post-2","page","type-page","status-publish","hentry"],"yoast_head":"<!-- This site is optimized with the Yoast SEO plugin v27.3 - https:\/\/yoast.com\/product\/yoast-seo-wordpress\/ -->\n<title>\u0152koum\u00e8ne \u2013 Charpente bois \u2013 Habitats sylvestres \/ Presqu&#039;\u00eele gu\u00e9randaise - \u0152koum\u00e8ne<\/title>\n<meta name=\"robots\" content=\"index, follow, max-snippet:-1, max-image-preview:large, max-video-preview:-1\" \/>\n<link rel=\"canonical\" href=\"https:\/\/oekoumene.eu\/\" \/>\n<meta property=\"og:locale\" content=\"fr_FR\" \/>\n<meta property=\"og:type\" content=\"article\" \/>\n<meta property=\"og:title\" content=\"\u0152koum\u00e8ne \u2013 Charpente bois \u2013 Habitats sylvestres \/ Presqu&#039;\u00eele gu\u00e9randaise - \u0152koum\u00e8ne\" \/>\n<meta property=\"og:description\" content=\"La vraie g\u00e9n\u00e9rosit\u00e9 envers l&rsquo;avenir consiste \u00e0 tout donner au pr\u00e9sent. Bienvenue ! \u0152koum\u00e8ne est une entreprise artisanale dont la vocation initiale est de construire des habitats perch\u00e9s dans les arbres. Ca c&rsquo;est pour le c\u00f4t\u00e9 r\u00eave d&rsquo;enfant&#8230; En attendant, nous r\u00e9alisons avec s\u00e9rieux &amp; implication des travaux de charpente &amp; de menuiserie ext\u00e9rieure : &hellip; Continuer la lecture de &laquo;&nbsp;\u0152koum\u00e8ne \u2013 Charpente bois \u2013 Habitats sylvestres \/ Presqu&rsquo;\u00eele gu\u00e9randaise&nbsp;&raquo;\" \/>\n<meta property=\"og:url\" content=\"https:\/\/oekoumene.eu\/\" \/>\n<meta property=\"og:site_name\" content=\"\u0152koum\u00e8ne\" \/>\n<meta property=\"article:modified_time\" content=\"2025-10-28T20:15:08+00:00\" \/>\n<meta property=\"og:image\" content=\"https:\/\/oekoumene.eu\/wp-content\/uploads\/2024\/01\/OEk_CL-Logo24-V01_LrgBlk.png\" \/>\n\t<meta property=\"og:image:width\" content=\"3160\" \/>\n\t<meta property=\"og:image:height\" content=\"2592\" \/>\n\t<meta property=\"og:image:type\" content=\"image\/png\" \/>\n<meta name=\"twitter:card\" content=\"summary_large_image\" \/>\n<meta name=\"twitter:label1\" content=\"Dur\u00e9e de lecture estim\u00e9e\" \/>\n\t<meta name=\"twitter:data1\" content=\"1 minute\" \/>\n<script type=\"application\/ld+json\" class=\"yoast-schema-graph\">{\"@context\":\"https:\\\/\\\/schema.org\",\"@graph\":[{\"@type\":\"WebPage\",\"@id\":\"https:\\\/\\\/oekoumene.eu\\\/\",\"url\":\"https:\\\/\\\/oekoumene.eu\\\/\",\"name\":\"\u0152koum\u00e8ne \u2013 Charpente bois \u2013 Habitats sylvestres \\\/ Presqu'\u00eele gu\u00e9randaise - \u0152koum\u00e8ne\",\"isPartOf\":{\"@id\":\"https:\\\/\\\/oekoumene.eu\\\/#website\"},\"primaryImageOfPage\":{\"@id\":\"https:\\\/\\\/oekoumene.eu\\\/#primaryimage\"},\"image\":{\"@id\":\"https:\\\/\\\/oekoumene.eu\\\/#primaryimage\"},\"thumbnailUrl\":\"http:\\\/\\\/oekoumene.eu\\\/wp-content\\\/uploads\\\/2024\\\/01\\\/OEk_CL-Logo24-V01_LrgBlk-1024x840.png\",\"datePublished\":\"2022-01-25T16:10:38+00:00\",\"dateModified\":\"2025-10-28T20:15:08+00:00\",\"breadcrumb\":{\"@id\":\"https:\\\/\\\/oekoumene.eu\\\/#breadcrumb\"},\"inLanguage\":\"fr-FR\",\"potentialAction\":[{\"@type\":\"ReadAction\",\"target\":[\"https:\\\/\\\/oekoumene.eu\\\/\"]}]},{\"@type\":\"ImageObject\",\"inLanguage\":\"fr-FR\",\"@id\":\"https:\\\/\\\/oekoumene.eu\\\/#primaryimage\",\"url\":\"https:\\\/\\\/oekoumene.eu\\\/wp-content\\\/uploads\\\/2024\\\/01\\\/OEk_CL-Logo24-V01_LrgBlk.png\",\"contentUrl\":\"https:\\\/\\\/oekoumene.eu\\\/wp-content\\\/uploads\\\/2024\\\/01\\\/OEk_CL-Logo24-V01_LrgBlk.png\",\"width\":3160,\"height\":2592},{\"@type\":\"BreadcrumbList\",\"@id\":\"https:\\\/\\\/oekoumene.eu\\\/#breadcrumb\",\"itemListElement\":[{\"@type\":\"ListItem\",\"position\":1,\"name\":\"Accueil\",\"item\":\"https:\\\/\\\/oekoumene.eu\\\/\"},{\"@type\":\"ListItem\",\"position\":2,\"name\":\"\u0152koum\u00e8ne \u2013 Charpente bois \u2013 Habitats sylvestres \\\/ Presqu&rsquo;\u00eele gu\u00e9randaise\"}]},{\"@type\":\"WebSite\",\"@id\":\"https:\\\/\\\/oekoumene.eu\\\/#website\",\"url\":\"https:\\\/\\\/oekoumene.eu\\\/\",\"name\":\"\u0152koum\u00e8ne \u2013 Charpente & habitats sylvestres\",\"description\":\"Prenez de la hauteur !\",\"publisher\":{\"@id\":\"https:\\\/\\\/oekoumene.eu\\\/#organization\"},\"potentialAction\":[{\"@type\":\"SearchAction\",\"target\":{\"@type\":\"EntryPoint\",\"urlTemplate\":\"https:\\\/\\\/oekoumene.eu\\\/?s={search_term_string}\"},\"query-input\":{\"@type\":\"PropertyValueSpecification\",\"valueRequired\":true,\"valueName\":\"search_term_string\"}}],\"inLanguage\":\"fr-FR\"},{\"@type\":\"Organization\",\"@id\":\"https:\\\/\\\/oekoumene.eu\\\/#organization\",\"name\":\"\u0152koum\u00e8ne \u2013 EI Matthieu Ballarin\",\"url\":\"https:\\\/\\\/oekoumene.eu\\\/\",\"logo\":{\"@type\":\"ImageObject\",\"inLanguage\":\"fr-FR\",\"@id\":\"https:\\\/\\\/oekoumene.eu\\\/#\\\/schema\\\/logo\\\/image\\\/\",\"url\":\"https:\\\/\\\/oekoumene.eu\\\/wp-content\\\/uploads\\\/2024\\\/01\\\/cropped-cropped-OEk_CL-Logo24-V01_LrgBlk.png\",\"contentUrl\":\"https:\\\/\\\/oekoumene.eu\\\/wp-content\\\/uploads\\\/2024\\\/01\\\/cropped-cropped-OEk_CL-Logo24-V01_LrgBlk.png\",\"width\":305,\"height\":250,\"caption\":\"\u0152koum\u00e8ne \u2013 EI Matthieu Ballarin\"},\"image\":{\"@id\":\"https:\\\/\\\/oekoumene.eu\\\/#\\\/schema\\\/logo\\\/image\\\/\"}}]}<\/script>\n<!-- \/ Yoast SEO plugin. -->","yoast_head_json":{"title":"\u0152koum\u00e8ne \u2013 Charpente bois \u2013 Habitats sylvestres \/ Presqu'\u00eele gu\u00e9randaise - \u0152koum\u00e8ne","robots":{"index":"index","follow":"follow","max-snippet":"max-snippet:-1","max-image-preview":"max-image-preview:large","max-video-preview":"max-video-preview:-1"},"canonical":"https:\/\/oekoumene.eu\/","og_locale":"fr_FR","og_type":"article","og_title":"\u0152koum\u00e8ne \u2013 Charpente bois \u2013 Habitats sylvestres \/ Presqu'\u00eele gu\u00e9randaise - \u0152koum\u00e8ne","og_description":"La vraie g\u00e9n\u00e9rosit\u00e9 envers l&rsquo;avenir consiste \u00e0 tout donner au pr\u00e9sent. Bienvenue ! \u0152koum\u00e8ne est une entreprise artisanale dont la vocation initiale est de construire des habitats perch\u00e9s dans les arbres. Ca c&rsquo;est pour le c\u00f4t\u00e9 r\u00eave d&rsquo;enfant&#8230; En attendant, nous r\u00e9alisons avec s\u00e9rieux &amp; implication des travaux de charpente &amp; de menuiserie ext\u00e9rieure : &hellip; Continuer la lecture de &laquo;&nbsp;\u0152koum\u00e8ne \u2013 Charpente bois \u2013 Habitats sylvestres \/ Presqu&rsquo;\u00eele gu\u00e9randaise&nbsp;&raquo;","og_url":"https:\/\/oekoumene.eu\/","og_site_name":"\u0152koum\u00e8ne","article_modified_time":"2025-10-28T20:15:08+00:00","og_image":[{"width":3160,"height":2592,"url":"https:\/\/oekoumene.eu\/wp-content\/uploads\/2024\/01\/OEk_CL-Logo24-V01_LrgBlk.png","type":"image\/png"}],"twitter_card":"summary_large_image","twitter_misc":{"Dur\u00e9e de lecture estim\u00e9e":"1 minute"},"schema":{"@context":"https:\/\/schema.org","@graph":[{"@type":"WebPage","@id":"https:\/\/oekoumene.eu\/","url":"https:\/\/oekoumene.eu\/","name":"\u0152koum\u00e8ne \u2013 Charpente bois \u2013 Habitats sylvestres \/ Presqu'\u00eele gu\u00e9randaise - \u0152koum\u00e8ne","isPartOf":{"@id":"https:\/\/oekoumene.eu\/#website"},"primaryImageOfPage":{"@id":"https:\/\/oekoumene.eu\/#primaryimage"},"image":{"@id":"https:\/\/oekoumene.eu\/#primaryimage"},"thumbnailUrl":"http:\/\/oekoumene.eu\/wp-content\/uploads\/2024\/01\/OEk_CL-Logo24-V01_LrgBlk-1024x840.png","datePublished":"2022-01-25T16:10:38+00:00","dateModified":"2025-10-28T20:15:08+00:00","breadcrumb":{"@id":"https:\/\/oekoumene.eu\/#breadcrumb"},"inLanguage":"fr-FR","potentialAction":[{"@type":"ReadAction","target":["https:\/\/oekoumene.eu\/"]}]},{"@type":"ImageObject","inLanguage":"fr-FR","@id":"https:\/\/oekoumene.eu\/#primaryimage","url":"https:\/\/oekoumene.eu\/wp-content\/uploads\/2024\/01\/OEk_CL-Logo24-V01_LrgBlk.png","contentUrl":"https:\/\/oekoumene.eu\/wp-content\/uploads\/2024\/01\/OEk_CL-Logo24-V01_LrgBlk.png","width":3160,"height":2592},{"@type":"BreadcrumbList","@id":"https:\/\/oekoumene.eu\/#breadcrumb","itemListElement":[{"@type":"ListItem","position":1,"name":"Accueil","item":"https:\/\/oekoumene.eu\/"},{"@type":"ListItem","position":2,"name":"\u0152koum\u00e8ne \u2013 Charpente bois \u2013 Habitats sylvestres \/ Presqu&rsquo;\u00eele gu\u00e9randaise"}]},{"@type":"WebSite","@id":"https:\/\/oekoumene.eu\/#website","url":"https:\/\/oekoumene.eu\/","name":"\u0152koum\u00e8ne \u2013 Charpente & habitats sylvestres","description":"Prenez de la hauteur !","publisher":{"@id":"https:\/\/oekoumene.eu\/#organization"},"potentialAction":[{"@type":"SearchAction","target":{"@type":"EntryPoint","urlTemplate":"https:\/\/oekoumene.eu\/?s={search_term_string}"},"query-input":{"@type":"PropertyValueSpecification","valueRequired":true,"valueName":"search_term_string"}}],"inLanguage":"fr-FR"},{"@type":"Organization","@id":"https:\/\/oekoumene.eu\/#organization","name":"\u0152koum\u00e8ne \u2013 EI Matthieu Ballarin","url":"https:\/\/oekoumene.eu\/","logo":{"@type":"ImageObject","inLanguage":"fr-FR","@id":"https:\/\/oekoumene.eu\/#\/schema\/logo\/image\/","url":"https:\/\/oekoumene.eu\/wp-content\/uploads\/2024\/01\/cropped-cropped-OEk_CL-Logo24-V01_LrgBlk.png","contentUrl":"https:\/\/oekoumene.eu\/wp-content\/uploads\/2024\/01\/cropped-cropped-OEk_CL-Logo24-V01_LrgBlk.png","width":305,"height":250,"caption":"\u0152koum\u00e8ne \u2013 EI Matthieu Ballarin"},"image":{"@id":"https:\/\/oekoumene.eu\/#\/schema\/logo\/image\/"}}]}},"_links":{"self":[{"href":"https:\/\/oekoumene.eu\/index.php\/wp-json\/wp\/v2\/pages\/2","targetHints":{"allow":["GET"]}}],"collection":[{"href":"https:\/\/oekoumene.eu\/index.php\/wp-json\/wp\/v2\/pages"}],"about":[{"href":"https:\/\/oekoumene.eu\/index.php\/wp-json\/wp\/v2\/types\/page"}],"author":[{"embeddable":true,"href":"https:\/\/oekoumene.eu\/index.php\/wp-json\/wp\/v2\/users\/1"}],"replies":[{"embeddable":true,"href":"https:\/\/oekoumene.eu\/index.php\/wp-json\/wp\/v2\/comments?post=2"}],"version-history":[{"count":17,"href":"https:\/\/oekoumene.eu\/index.php\/wp-json\/wp\/v2\/pages\/2\/revisions"}],"predecessor-version":[{"id":320,"href":"https:\/\/oekoumene.eu\/index.php\/wp-json\/wp\/v2\/pages\/2\/revisions\/320"}],"wp:attachment":[{"href":"https:\/\/oekoumene.eu\/index.php\/wp-json\/wp\/v2\/media?parent=2"}],"curies":[{"name":"wp","href":"https:\/\/api.w.org\/{rel}","templated":true}]}}